{"id":14358,"date":"2022-08-08T09:39:03","date_gmt":"2022-08-08T09:39:03","guid":{"rendered":"https:\/\/www.sosacademy.it\/?page_id=14358"},"modified":"2022-08-08T09:39:04","modified_gmt":"2022-08-08T09:39:04","slug":"privacy","status":"publish","type":"page","link":"https:\/\/www.sosacademy.it\/en\/privacy\/","title":{"rendered":"Privacy"},"content":{"rendered":"<style type=\"text\/css\"><\/style>\n<h2 class=\"wp-block-heading\">Privacy Policy di Sosa Academy Dance School SSD ARL<\/h2>\n\n\n\n<p>Per avere informazioni circa i tuoi dati personali raccolti in questo sito\/applicazione, di seguito denominato \u201csito\u201d o \u201capplicazione\u201d, le finalit\u00e0 ed i soggetti con cui i dati vengono condivisi, contatta il Titolare.<\/p>\n\n\n\n<h2 class=\"wp-block-heading\">Titolare del Trattamento dei Dati:<\/h2>\n\n\n\n<ul><li>SOSA ACADEMY DANCE SCHOOL SSD ARL<\/li><li>Via Calatafimi, 17\/19<\/li><li>Buccinasco &#8211; Milano<\/li><li>C.F. E P.IVA 07545340965<\/li><\/ul>\n\n\n\n<h2 class=\"wp-block-heading\">Tipologie di Dati raccolti<\/h2>\n\n\n\n<p>I Dati Personali raccolti potrebbero essere indicati in altre sezioni di questa privacy policy o mediante testi informativi visualizzati contestualmente alla raccolta dei Dati stessi. I Dati Personali possono essere inseriti volontariamente dall\u2019Utente, oppure raccolti in modo automatico durante l\u2019uso di questa Applicazione.<\/p>\n\n\n\n<p>L\u2019eventuale utilizzo di Cookie \u2013 o di altri strumenti di tracciamento \u2013 da parte di questa Applicazione o dei titolari dei servizi terzi utilizzati da questa Applicazione, ove non diversamente precisato, ha la finalit\u00e0 di identificare l\u2019Utente e registrare le relative preferenze per finalit\u00e0 strettamente legate all\u2019erogazione del servizio richiesto dall\u2019Utente.<\/p>\n\n\n\n<p>Il mancato conferimento da parte dell\u2019Utente di alcuni Dati Personali potrebbe impedire a questa Applicazione di erogare i propri servizi.<\/p>\n\n\n\n<p>Accedendo, navigando il sito, utilizzando i servizi l\u2019utente accetta l\u2019installazione dei cookie nonch\u00e9 l\u2019utilizzo dei dati volontariamente immessi. Con le modalit\u00e0 descritte nei prossimi paragrafi l\u2019utente pu\u00f2 cancellare autonomamente i cookie.<\/p>\n\n\n\n<p>L\u2019Utente si assume la responsabilit\u00e0 dei Dati Personali di terzi pubblicati o condivisi mediante questa Applicazione e garantisce di avere il diritto di comunicarli o diffonderli, liberando il Titolare da qualsiasi responsabilit\u00e0 verso terzi.<\/p>\n\n\n\n<h2 class=\"wp-block-heading\">I diritti di cui all\u2019art. 7 D.lg. n. 196\/03<\/h2>\n\n\n\n<p>Ricordiamo che l\u2019interessato ha diritto di ottenere l\u2019indicazione dell\u2019origine dei dati personali; delle finalit\u00e0 e modalit\u00e0 del trattamento; della logica applicata in caso di trattamento effettuato con l\u2019ausilio di strumenti elettronici; degli estremi identificativi del titolare, dei responsabili e dei soggetti o delle categorie di soggetti ai quali i dati personali possono essere comunicati o che possono venirne a conoscenza in qualit\u00e0 di responsabili o incaricati.<\/p>\n\n\n\n<p>L\u2019interessato ha diritto di ottenere l\u2019aggiornamento, la rettificazione ovvero, quando vi ha interesse, l\u2019integrazione dei dati; la cancellazione, la trasformazione in forma anonima o il blocco dei dati trattati in violazione di legge, compresi quelli di cui non \u00e8 necessaria la conservazione in relazione agli scopi per i quali i dati sono stati raccolti o successivamente trattati; l\u2019attestazione che le operazioni di cui sopra sono state portate a conoscenza, anche per quanto riguarda il loro contenuto, di coloro ai quali i dati sono stati comunicati o diffusi, eccettuato il caso in cui tale adempimento si rivela impossibile o comporta un impiego di mezzi manifestamente sproporzionato rispetto al diritto tutelato.<\/p>\n\n\n\n<p>L\u2019interessato ha diritto di opporsi, in tutto o in parte: per motivi legittimi al trattamento dei dati personali che lo riguardano, ancorch\u00e9 pertinenti allo scopo della raccolta; al trattamento di dati personali che lo riguardano a fini di marketing. Il diritto di opposizione dell\u2019interessato al trattamento dei dati per le finalit\u00e0 di marketing effettuato con modalit\u00e0 automatizzate di contatto si estende a quelle tradizionali, restando salva per l\u2019interessato la possibilit\u00e0 di esercitare tale diritto in tutto o in parte, ossia opponendosi, ad esempio, al solo invio di comunicazioni promozionali effettuato tramite strumenti automatizzati. Per l\u2019esercizio di questi diritti l\u2019interessato pu\u00f2 rivolgersi gratuitamente (salvo che non risulti confermata l\u2019esistenza di dati riferiti all\u2019interessato) scrivendo a \u201cinfo @ sosacademy.it\u201d (spazi inseriti per antispam).<\/p>\n\n\n\n<h2 class=\"wp-block-heading\">Informativa sui cookie<\/h2>\n\n\n\n<h3 class=\"wp-block-heading\">Che cosa sono i cookie<\/h3>\n\n\n\n<p>Il cookie \u00e8 un piccolo file di testo contenente una certa quantit\u00e0 di informazioni scambiato tra un sito internet ed il tuo terminale (solitamente il browser) ed \u00e8 normalmente utilizzato dal gestore del sito internet per memorizzare le informazioni necessarie a migliorare la navigazione all\u2019interno del sito ovvero per inviare messaggi pubblicitari in linea con le preferenze manifestate dall\u2019utente nell\u2019ambito della navigazione in rete.<\/p>\n\n\n\n<p>Quando si visita di nuovo lo stesso sito o qualunque altro sito il dispositivo dell\u2019utente verifica la presenza di un cookie riconosciuto, in modo da potere leggere le informazioni in esso contenute. I diversi cookie contengono informazioni diverse e sono utilizzati per scopi differenti (navigazione efficiente nelle pagine di un medesimo sito, profilazione al fine di inviare messaggi promozionali mirati, analisi sul numero delle visite al sito).<\/p>\n\n\n\n<p>Nel corso della navigazione l\u2019utente pu\u00f2 ricevere sul suo terminale anche cookie inviati da siti o da web server diversi (c.d. terze parti), sui quali possono risiedere alcuni elementi (ad es. immagini, mappe, suoni, specifici link a pagine di altri domini) presenti sul sito che l\u2019utente sta visitando.<\/p>\n\n\n\n<p>Pi\u00f9 in generale, alcuni cookie (definiti cookie di sessione) sono assegnati al dispositivo dell\u2019utente soltanto per la durata dell\u2019accesso al sito e scadono automaticamente alla chiusura del browser. Altri cookie (definiti persistenti) restano nel dispositivo per un periodo di tempo prolungato. Le specifiche finalit\u00e0 delle diverse tipologie di cookie installati in questo sito sono di seguito descritte<\/p>\n\n\n\n<h2 class=\"wp-block-heading\">Caratteristiche e finalit\u00e0 dei cookie che possono essere installati dal sito<\/h2>\n\n\n\n<h3 class=\"wp-block-heading\">Cookie tecnici<\/h3>\n\n\n\n<p>Si tratta di cookie utilizzati specificamente per permettere il corretto funzionamento e la fruizione dei nostri siti. I cookie tecnici vengono ad esempio utilizzati per la funzionalit\u00e0 di login dell\u2019utente. Sono erogati principalmente dai server o, nel caso dell\u2019integrazione di servizi esterni come i social network, da terze parti.<\/p>\n\n\n\n<h3 class=\"wp-block-heading\">Cookie di profilazione<\/h3>\n\n\n\n<p>Si tratta di cookie utilizzati al fine di inviare messaggi pubblicitari in linea con le preferenze manifestate dall\u2019utente nell\u2019ambito della navigazione in rete. Possono essere erogati da nostri server oppure tramite il nostro sito da terze parti. Le aziende che offrono o pubblicizzano i propri prodotti tramite questo sito potrebbero assegnare cookie ai terminali degli utenti. Le categorie di cookie utilizzate e il tipo di trattamento di dati personali da parte di queste aziende sono regolati in conformit\u00e0 all\u2019informativa rese da queste aziende. Tali cookie sono installati solo previo consenso dell\u2019utente e possono essere rimossi in qualsiasi momento dall\u2019utente.<\/p>\n\n\n\n<h3 class=\"wp-block-heading\">Cookie analitici<\/h3>\n\n\n\n<p>Si tratta di cookie utilizzati per analisi statistiche, per migliorare il sito e semplificarne l\u2019utilizzo oltre che per monitorarne il corretto funzionamento. Questo tipo di cookie raccoglie informazioni in forma anonima sull\u2019attivit\u00e0 degli utenti nel sito. Questo tipo di cookie viene erogato esclusivamente da terze parti.<\/p>\n\n\n\n<h3 class=\"wp-block-heading\">Rimozione dei cookie<\/h3>\n\n\n\n<p>Puoi disattivare i cookie seguendo le informazioni di seguito riportate. L\u2019erogazione di tutti i cookie, sia di prime che di terze parti, \u00e8 disattivabile intervenendo sulle impostazioni del browser in uso; \u00e8 bene notare per\u00f2 che questo potrebbe rendere inutilizzabili i siti qualora si bloccassero i cookie indispensabili per l\u2019erogazione delle funzionalit\u00e0. Ogni browser dispone di impostazioni diverse per la disattivazione dei cookie; di seguito proponiamo i collegamenti alle istruzioni per i browser pi\u00f9 comuni.<\/p>\n\n\n\n<p>Microsoft Internet Explorer&nbsp;<a href=\"http:\/\/windows.microsoft.com\/it-it\/windows7\/block-enable-or-allow-cookies\" target=\"_BLANK\" rel=\"noreferrer noopener\">http:\/\/windows.microsoft.com\/it-it\/windows7\/block-enable-or-allow-cookies<\/a><\/p>\n\n\n\n<p>Google Chrome&nbsp;<a href=\"http:\/\/windows.microsoft.com\/it-it\/windows7\/block-enable-or-allow-cookies\" target=\"_BLANK\" rel=\"noreferrer noopener\">https:\/\/support.google.com\/accounts\/answer\/61416?hl=it<\/a><\/p>\n\n\n\n<p>Apple Safari&nbsp;<a href=\"https:\/\/support.apple.com\/kb\/PH19214?locale=it_IT\" target=\"_BLANK\" rel=\"noreferrer noopener\">https:\/\/support.apple.com\/kb\/PH19214?locale=it_IT<\/a><\/p>\n\n\n\n<p>Mozilla Firefox&nbsp;<a href=\"https:\/\/support.mozilla.org\/it\/kb\/Attivare%20e%20disattivare%20i%20cookie\" target=\"_BLANK\" rel=\"noreferrer noopener\">https:\/\/support.mozilla.org\/it\/kb\/Attivare%20e%20disattivare%20i%20cookie<\/a><\/p>\n\n\n\n<p>Opera&nbsp;<a href=\"http:\/\/help.opera.com\/Windows\/10.00\/it\/cookies.html\" target=\"_BLANK\" rel=\"noreferrer noopener\">http:\/\/help.opera.com\/Windows\/10.00\/it\/cookies.html<\/a><\/p>\n\n\n\n<h2 class=\"wp-block-heading\">Maggiori info e rimozione dei cookie<\/h2>\n\n\n\n<p>Per le informative e per disattivare i cookie di profilazione erogati da terze parti vai sui siti:<\/p>\n\n\n\n<p><a href=\"http:\/\/eur-lex.europa.eu\/legal-content\/IT\/ALL\/?uri=CELEX:32002L0058%20%20%20%20%20%20%20%20%20%20%20%20%20%20%20%20%20%20%20%20%20%20%20%20http:\/\/www.youronlinechoices.com\/it\" target=\"_BLANK\" rel=\"noreferrer noopener\">http:\/\/eur-lex.europa.eu\/legal-content\/IT\/ALL\/?uri=CELEX:32002L0058 http:\/\/www.youronlinechoices.com\/it<\/a><\/p>\n\n\n\n<h2 class=\"wp-block-heading\">Cookie utilizzati e riferimenti a cookie di terze parti<\/h2>\n\n\n\n<p>Cookie tecnici necessari al funzionamento del sito ed all\u2019erogazione del servizio.<\/p>\n\n\n\n<p>Facebook, Inc.<br><a href=\"https:\/\/www.facebook.com\/privacy\/explanation\" target=\"_BLANK\" rel=\"noreferrer noopener\">https:\/\/www.facebook.com\/privacy\/explanation<\/a><br><a href=\"https:\/\/www.facebook.com\/help\/cookies?ref_type=sitefooter\" target=\"_BLANK\" rel=\"noreferrer noopener\">https:\/\/www.facebook.com\/help\/cookies?ref_type=sitefooter<\/a><\/p>\n\n\n\n<p>Google<br><a href=\"http:\/\/www.google.com\/intl\/it\/policies\/privacy\/\" target=\"_BLANK\" rel=\"noreferrer noopener\">http:\/\/www.google.com\/intl\/it\/policies\/privacy\/<\/a><br><a href=\"https:\/\/www.google.com\/settings\/u\/0\/ads?hl=it\" target=\"_BLANK\" rel=\"noreferrer noopener\">https:\/\/www.google.com\/settings\/u\/0\/ads?hl=it<\/a><\/p>\n\n\n\n<h2 class=\"wp-block-heading\">Modalit\u00e0 e luogo del trattamento dei Dati raccolti<\/h2>\n\n\n\n<h3 class=\"wp-block-heading\">Modalit\u00e0 di trattamento<\/h3>\n\n\n\n<p>Il Titolare tratta i Dati Personali degli Utenti adottando le opportune misure di sicurezza volte ad impedire l\u2019accesso, la divulgazione, la modifica o la distruzione non autorizzate dei Dati Personali.<\/p>\n\n\n\n<p>Il trattamento viene effettuato mediante strumenti informatici e\/o telematici, con modalit\u00e0 organizzative e con logiche strettamente correlate alle finalit\u00e0 indicate. Oltre al Titolare, in alcuni casi, potrebbero avere accesso ai Dati categorie di incaricati coinvolti nell\u2019organizzazione del sito (personale amministrativo, commerciale, marketing, legali, amministratori di sistema) ovvero soggetti esterni (come fornitori di servizi tecnici terzi, corrieri postali, hosting provider, societ\u00e0 informatiche, agenzie di comunicazione) nominati anche, se necessario, Responsabili del Trattamento da parte del Titolare. L\u2019elenco aggiornato dei Responsabili potr\u00e0 sempre essere richiesto al Titolare del Trattamento.<\/p>\n\n\n\n<h3 class=\"wp-block-heading\">Luogo<\/h3>\n\n\n\n<p>I Dati sono trattati presso le sedi operative del Titolare ed in ogni altro luogo in cui le parti coinvolte nel trattamento siano localizzate. Per ulteriori informazioni, contatta il Titolare.<\/p>\n\n\n\n<h3 class=\"wp-block-heading\">Tempi<\/h3>\n\n\n\n<p>I Dati sono trattati per lo svolgimento del servizio richiesto dall\u2019Utente, o richiesto dalle finalit\u00e0 descritte in questo documento, e l\u2019Utente pu\u00f2 sempre chiedere l\u2019interruzione del Trattamento o la cancellazione dei Dati.<\/p>\n\n\n\n<h2 class=\"wp-block-heading\">Ulteriori informazioni sul trattamento<\/h2>\n\n\n\n<h3 class=\"wp-block-heading\">Difesa in giudizio<\/h3>\n\n\n\n<p>I Dati Personali dell\u2019Utente possono essere utilizzati per la difesa da parte del Titolare in giudizio o nelle fasi propedeutiche alla sua eventuale instaurazione, da abusi nell\u2019utilizzo della stessa o dei servizi connessi da parte dell\u2019Utente.<\/p>\n\n\n\n<p>L\u2019Utente dichiara di essere consapevole che il Titolare potrebbe essere richiesto di rivelare i Dati su richiesta delle pubbliche autorit\u00e0.<\/p>\n\n\n\n<h3 class=\"wp-block-heading\">Informative specifiche<\/h3>\n\n\n\n<p>Su richiesta dell\u2019Utente, in aggiunta alle informazioni contenute in questa privacy policy, questa Applicazione potrebbe fornire all\u2019Utente delle informative aggiuntive e contestuali riguardanti servizi specifici, o la raccolta ed il trattamento di Dati Personali.<\/p>\n\n\n\n<h3 class=\"wp-block-heading\">Log di sistema e manutenzione<\/h3>\n\n\n\n<p>Per necessit\u00e0 legate al funzionamento ed alla manutenzione, questa Applicazione e gli eventuali servizi terzi da essa utilizzati potrebbero raccogliere Log di sistema, ossia file che registrano le interazioni e che possono contenere anche Dati Personali, quali l\u2019indirizzo IP Utente.<\/p>\n\n\n\n<h3 class=\"wp-block-heading\">Informazioni non contenute in questa policy<\/h3>\n\n\n\n<p>Maggiori informazioni in relazione al trattamento dei Dati Personali potranno essere richieste in qualsiasi momento al Titolare del Trattamento utilizzando le informazioni di contatto.<\/p>\n\n\n\n<h3 class=\"wp-block-heading\">Esercizio dei diritti da parte degli Utenti<\/h3>\n\n\n\n<p>I soggetti cui si riferiscono i Dati Personali hanno il diritto in qualunque momento di ottenere la conferma dell\u2019esistenza o meno degli stessi presso il Titolare del Trattamento, di conoscerne il contenuto e l\u2019origine, di verificarne l\u2019esattezza o chiederne l\u2019integrazione, la cancellazione, l\u2019aggiornamento, la rettifica, la trasformazione in forma anonima o il blocco dei Dati Personali trattati in violazione di legge, nonch\u00e9 di opporsi in ogni caso, per motivi legittimi, al loro trattamento. Le richieste vanno rivolte al Titolare del Trattamento.<\/p>\n\n\n\n<p>Per conoscere se gli eventuali servizi di terze parti utilizzati le supportano, consulta le loro privacy policy.<\/p>\n\n\n\n<h3 class=\"wp-block-heading\">Modifiche a questa privacy policy<\/h3>\n\n\n\n<p>Il Titolare del Trattamento si riserva il diritto di apportare modifiche alla presente privacy policy in qualunque momento dandone pubblicit\u00e0 agli Utenti su questa pagina. Si prega dunque di consultare questa pagina, ogni qualvolta si usa l\u2019Applicazione od uno sei servizi connesso ad essa. Nel caso di mancata accettazione delle modifiche apportate alla presente privacy policy, l\u2019Utente \u00e8 tenuto a cessare l\u2019utilizzo di questa Applicazione e pu\u00f2 richiedere al Titolare del Trattamento di rimuovere i propri Dati Personali. Salvo quanto diversamente specificato, la precedente privacy policy continuer\u00e0 ad applicarsi ai Dati Personali sino a quel momento raccolti.<\/p>","protected":false},"excerpt":{"rendered":"<p>Privacy Policy di Sosa Academy Dance School SSD ARL Per avere informazioni circa i tuoi dati personali raccolti in questo sito\/applicazione, di seguito denominato \u201csito\u201d o \u201capplicazione\u201d, le finalit\u00e0 ed i soggetti con cui i dati vengono condivisi, contatta il Titolare. Titolare del Trattamento dei Dati: SOSA ACADEMY DANCE SCHOOL SSD ARL Via Calatafimi, 17\/19&#8230;<\/p>","protected":false},"author":4,"featured_media":0,"parent":0,"menu_order":0,"comment_status":"closed","ping_status":"closed","template":"","meta":{"footnotes":""},"yoast_head":"<!-- This site is optimized with the Yoast SEO plugin v19.2 - https:\/\/yoast.com\/wordpress\/plugins\/seo\/ -->\n<title>Privacy - Sosa Academy<\/title>\n<meta name=\"robots\" content=\"index, follow, max-snippet:-1, max-image-preview:large, max-video-preview:-1\" \/>\n<link rel=\"canonical\" href=\"https:\/\/www.sosacademy.it\/en\/privacy\/\" \/>\n<meta property=\"og:locale\" content=\"en_US\" \/>\n<meta property=\"og:type\" content=\"article\" \/>\n<meta property=\"og:title\" content=\"Privacy - Sosa Academy\" \/>\n<meta property=\"og:description\" content=\"Privacy Policy di Sosa Academy Dance School SSD ARL Per avere informazioni circa i tuoi dati personali raccolti in questo sito\/applicazione, di seguito denominato \u201csito\u201d o \u201capplicazione\u201d, le finalit\u00e0 ed i soggetti con cui i dati vengono condivisi, contatta il Titolare. Titolare del Trattamento dei Dati: SOSA ACADEMY DANCE SCHOOL SSD ARL Via Calatafimi, 17\/19...\" \/>\n<meta property=\"og:url\" content=\"https:\/\/www.sosacademy.it\/en\/privacy\/\" \/>\n<meta property=\"og:site_name\" content=\"Sosa Academy\" \/>\n<meta property=\"article:modified_time\" content=\"2022-08-08T09:39:04+00:00\" \/>\n<meta name=\"author\" content=\"Mk24\" \/>\n<meta name=\"twitter:card\" content=\"summary_large_image\" \/>\n<meta name=\"twitter:label1\" content=\"Est. reading time\" \/>\n\t<meta name=\"twitter:data1\" content=\"10 minutes\" \/>\n<script type=\"application\/ld+json\" class=\"yoast-schema-graph\">{\"@context\":\"https:\/\/schema.org\",\"@graph\":[{\"@type\":\"WebSite\",\"@id\":\"https:\/\/www.sosacademy.it\/#website\",\"url\":\"https:\/\/www.sosacademy.it\/\",\"name\":\"Sosa Academy\",\"description\":\"-\",\"potentialAction\":[{\"@type\":\"SearchAction\",\"target\":{\"@type\":\"EntryPoint\",\"urlTemplate\":\"https:\/\/www.sosacademy.it\/?s={search_term_string}\"},\"query-input\":\"required name=search_term_string\"}],\"inLanguage\":\"en-US\"},{\"@type\":\"WebPage\",\"@id\":\"https:\/\/www.sosacademy.it\/privacy\/#webpage\",\"url\":\"https:\/\/www.sosacademy.it\/privacy\/\",\"name\":\"Privacy - Sosa Academy\",\"isPartOf\":{\"@id\":\"https:\/\/www.sosacademy.it\/#website\"},\"datePublished\":\"2022-08-08T09:39:03+00:00\",\"dateModified\":\"2022-08-08T09:39:04+00:00\",\"breadcrumb\":{\"@id\":\"https:\/\/www.sosacademy.it\/privacy\/#breadcrumb\"},\"inLanguage\":\"en-US\",\"potentialAction\":[{\"@type\":\"ReadAction\",\"target\":[\"https:\/\/www.sosacademy.it\/privacy\/\"]}]},{\"@type\":\"BreadcrumbList\",\"@id\":\"https:\/\/www.sosacademy.it\/privacy\/#breadcrumb\",\"itemListElement\":[{\"@type\":\"ListItem\",\"position\":1,\"name\":\"Home\",\"item\":\"https:\/\/www.sosacademy.it\/\"},{\"@type\":\"ListItem\",\"position\":2,\"name\":\"Privacy\"}]}]}<\/script>\n<!-- \/ Yoast SEO plugin. -->","yoast_head_json":{"title":"Privacy - Sosa Academy","robots":{"index":"index","follow":"follow","max-snippet":"max-snippet:-1","max-image-preview":"max-image-preview:large","max-video-preview":"max-video-preview:-1"},"canonical":"https:\/\/www.sosacademy.it\/en\/privacy\/","og_locale":"en_US","og_type":"article","og_title":"Privacy - Sosa Academy","og_description":"Privacy Policy di Sosa Academy Dance School SSD ARL Per avere informazioni circa i tuoi dati personali raccolti in questo sito\/applicazione, di seguito denominato \u201csito\u201d o \u201capplicazione\u201d, le finalit\u00e0 ed i soggetti con cui i dati vengono condivisi, contatta il Titolare. Titolare del Trattamento dei Dati: SOSA ACADEMY DANCE SCHOOL SSD ARL Via Calatafimi, 17\/19...","og_url":"https:\/\/www.sosacademy.it\/en\/privacy\/","og_site_name":"Sosa Academy","article_modified_time":"2022-08-08T09:39:04+00:00","author":"Mk24","twitter_card":"summary_large_image","twitter_misc":{"Est. reading time":"10 minutes"},"schema":{"@context":"https:\/\/schema.org","@graph":[{"@type":"WebSite","@id":"https:\/\/www.sosacademy.it\/#website","url":"https:\/\/www.sosacademy.it\/","name":"Sosa Academy","description":"-","potentialAction":[{"@type":"SearchAction","target":{"@type":"EntryPoint","urlTemplate":"https:\/\/www.sosacademy.it\/?s={search_term_string}"},"query-input":"required name=search_term_string"}],"inLanguage":"en-US"},{"@type":"WebPage","@id":"https:\/\/www.sosacademy.it\/privacy\/#webpage","url":"https:\/\/www.sosacademy.it\/privacy\/","name":"Privacy - Sosa Academy","isPartOf":{"@id":"https:\/\/www.sosacademy.it\/#website"},"datePublished":"2022-08-08T09:39:03+00:00","dateModified":"2022-08-08T09:39:04+00:00","breadcrumb":{"@id":"https:\/\/www.sosacademy.it\/privacy\/#breadcrumb"},"inLanguage":"en-US","potentialAction":[{"@type":"ReadAction","target":["https:\/\/www.sosacademy.it\/privacy\/"]}]},{"@type":"BreadcrumbList","@id":"https:\/\/www.sosacademy.it\/privacy\/#breadcrumb","itemListElement":[{"@type":"ListItem","position":1,"name":"Home","item":"https:\/\/www.sosacademy.it\/"},{"@type":"ListItem","position":2,"name":"Privacy"}]}]}},"_links":{"self":[{"href":"https:\/\/www.sosacademy.it\/en\/wp-json\/wp\/v2\/pages\/14358"}],"collection":[{"href":"https:\/\/www.sosacademy.it\/en\/wp-json\/wp\/v2\/pages"}],"about":[{"href":"https:\/\/www.sosacademy.it\/en\/wp-json\/wp\/v2\/types\/page"}],"author":[{"embeddable":true,"href":"https:\/\/www.sosacademy.it\/en\/wp-json\/wp\/v2\/users\/4"}],"replies":[{"embeddable":true,"href":"https:\/\/www.sosacademy.it\/en\/wp-json\/wp\/v2\/comments?post=14358"}],"version-history":[{"count":1,"href":"https:\/\/www.sosacademy.it\/en\/wp-json\/wp\/v2\/pages\/14358\/revisions"}],"predecessor-version":[{"id":14359,"href":"https:\/\/www.sosacademy.it\/en\/wp-json\/wp\/v2\/pages\/14358\/revisions\/14359"}],"wp:attachment":[{"href":"https:\/\/www.sosacademy.it\/en\/wp-json\/wp\/v2\/media?parent=14358"}],"curies":[{"name":"wp","href":"https:\/\/api.w.org\/{rel}","templated":true}]}}